{"id":2576,"date":"2022-11-14T10:20:28","date_gmt":"2022-11-14T10:20:28","guid":{"rendered":"https:\/\/oceansportlodge.com\/?page_id=2576"},"modified":"2022-12-01T14:58:20","modified_gmt":"2022-12-01T14:58:20","slug":"ecoledesurfpinsec","status":"publish","type":"page","link":"https:\/\/oceansportlodge.com\/de\/ecoledesurfpinsec\/","title":{"rendered":"Surfschule"},"content":{"rendered":"<div data-elementor-type=\"wp-page\" data-elementor-id=\"2576\" class=\"elementor elementor-2576\" data-elementor-post-type=\"page\">\n\t\t\t\t\t\t<section class=\"elementor-section elementor-top-section elementor-element elementor-element-745df1ee elementor-section-full_width elementor-section-height-default elementor-section-height-default\" data-id=\"745df1ee\" data-element_type=\"section\" data-settings=\"{&quot;jet_parallax_layout_list&quot;:[],&quot;background_background&quot;:&quot;gradient&quot;}\">\n\t\t\t\t\t\t<div class=\"elementor-container elementor-column-gap-default\">\n\t\t\t\t\t<div class=\"elementor-column elementor-col-100 elementor-top-column elementor-element elementor-element-67848d30\" data-id=\"67848d30\" data-element_type=\"column\">\n\t\t\t<div class=\"elementor-widget-wrap elementor-element-populated\">\n\t\t\t\t\t\t<div class=\"elementor-element elementor-element-19b9bef2 elementor-widget elementor-widget-image\" data-id=\"19b9bef2\" data-element_type=\"widget\" data-widget_type=\"image.default\">\n\t\t\t\t<div class=\"elementor-widget-container\">\n\t\t\t\t\t\t\t\t\t\t\t\t\t\t<a href=\"https:\/\/oceansportlodge.com\/de\/\">\n\t\t\t\t\t\t\t<img fetchpriority=\"high\" decoding=\"async\" width=\"300\" height=\"300\" src=\"https:\/\/oceansportlodge.com\/wp-content\/uploads\/2022\/11\/logo_VF4_ocean_sport_lodge-300x300.png\" class=\"attachment-medium size-medium wp-image-3499\" alt=\"\" srcset=\"https:\/\/oceansportlodge.com\/wp-content\/uploads\/2022\/11\/logo_VF4_ocean_sport_lodge-300x300.png 300w, https:\/\/oceansportlodge.com\/wp-content\/uploads\/2022\/11\/logo_VF4_ocean_sport_lodge-1024x1024.png 1024w, https:\/\/oceansportlodge.com\/wp-content\/uploads\/2022\/11\/logo_VF4_ocean_sport_lodge-150x150.png 150w, https:\/\/oceansportlodge.com\/wp-content\/uploads\/2022\/11\/logo_VF4_ocean_sport_lodge-768x768.png 768w, https:\/\/oceansportlodge.com\/wp-content\/uploads\/2022\/11\/logo_VF4_ocean_sport_lodge-1536x1536.png 1536w, https:\/\/oceansportlodge.com\/wp-content\/uploads\/2022\/11\/logo_VF4_ocean_sport_lodge-2048x2048.png 2048w, https:\/\/oceansportlodge.com\/wp-content\/uploads\/2022\/11\/logo_VF4_ocean_sport_lodge-12x12.png 12w, https:\/\/oceansportlodge.com\/wp-content\/uploads\/2022\/11\/logo_VF4_ocean_sport_lodge-230x230.png 230w, https:\/\/oceansportlodge.com\/wp-content\/uploads\/2022\/11\/logo_VF4_ocean_sport_lodge-400x400.png 400w, https:\/\/oceansportlodge.com\/wp-content\/uploads\/2022\/11\/logo_VF4_ocean_sport_lodge-600x600.png 600w, https:\/\/oceansportlodge.com\/wp-content\/uploads\/2022\/11\/logo_VF4_ocean_sport_lodge-640x640.png 640w\" sizes=\"(max-width: 300px) 100vw, 300px\" \/>\t\t\t\t\t\t\t\t<\/a>\n\t\t\t\t\t\t\t\t\t\t\t\t\t<\/div>\n\t\t\t\t<\/div>\n\t\t\t\t<div class=\"elementor-element elementor-element-77422839 elementor-widget elementor-widget-heading\" data-id=\"77422839\" data-element_type=\"widget\" data-widget_type=\"heading.default\">\n\t\t\t\t<div class=\"elementor-widget-container\">\n\t\t\t<h2 class=\"elementor-heading-title elementor-size-default\">Sport bleibt<\/h2>\t\t<\/div>\n\t\t\t\t<\/div>\n\t\t\t\t<div class=\"elementor-element elementor-element-2c4c8df2 elementor-widget elementor-widget-text-editor\" data-id=\"2c4c8df2\" data-element_type=\"widget\" data-widget_type=\"text-editor.default\">\n\t\t\t\t<div class=\"elementor-widget-container\">\n\t\t\t\t\t\t\t<p style=\"text-align: center;\"><span style=\"color: #f2edac;\"><em><strong>In einer einzigartigen Umgebung zwischen Ozeansee und Weinbergen, einschlie\u00dflich hochwertiger Ausr\u00fcstung, begr\u00fc\u00dfen wir Aufenthalte f\u00fcr Clubs und Sportzentren, Komitees, Ligen, Betriebsr\u00e4te, aber auch Yoga-Retreats, Teamzusammenhaltskurse und alle Gruppen, die die Praxis des Surfens entdecken oder verbessern m\u00f6chten .<\/strong><\/em><\/span><\/p>\t\t\t\t\t\t<\/div>\n\t\t\t\t<\/div>\n\t\t\t\t<div class=\"elementor-element elementor-element-7bcccb3a elementor-widget elementor-widget-image\" data-id=\"7bcccb3a\" data-element_type=\"widget\" data-widget_type=\"image.default\">\n\t\t\t\t<div class=\"elementor-widget-container\">\n\t\t\t\t\t\t\t\t\t\t\t\t\t<img decoding=\"async\" width=\"300\" height=\"38\" src=\"https:\/\/oceansportlodge.com\/wp-content\/uploads\/2022\/11\/Untitled-1-300x38.png\" class=\"attachment-medium size-medium wp-image-3312\" alt=\"\" srcset=\"https:\/\/oceansportlodge.com\/wp-content\/uploads\/2022\/11\/Untitled-1-300x38.png 300w, https:\/\/oceansportlodge.com\/wp-content\/uploads\/2022\/11\/Untitled-1-1024x129.png 1024w, https:\/\/oceansportlodge.com\/wp-content\/uploads\/2022\/11\/Untitled-1-768x97.png 768w, https:\/\/oceansportlodge.com\/wp-content\/uploads\/2022\/11\/Untitled-1-1536x194.png 1536w, https:\/\/oceansportlodge.com\/wp-content\/uploads\/2022\/11\/Untitled-1-2048x259.png 2048w, https:\/\/oceansportlodge.com\/wp-content\/uploads\/2022\/11\/Untitled-1-18x2.png 18w, https:\/\/oceansportlodge.com\/wp-content\/uploads\/2022\/11\/Untitled-1-600x76.png 600w\" sizes=\"(max-width: 300px) 100vw, 300px\" \/>\t\t\t\t\t\t\t\t\t\t\t\t\t<\/div>\n\t\t\t\t<\/div>\n\t\t\t\t<div class=\"elementor-element elementor-element-7026772 jet-nav-align-center elementor-widget elementor-widget-jet-nav-menu\" data-id=\"7026772\" data-element_type=\"widget\" data-widget_type=\"jet-nav-menu.default\">\n\t\t\t\t<div class=\"elementor-widget-container\">\n\t\t\t<nav class=\"jet-nav-wrap m-layout-tablet jet-mobile-menu jet-mobile-menu--full-width\" data-mobile-trigger-device=\"tablet\" data-mobile-layout=\"full-width\">\n<div class=\"jet-nav__mobile-trigger jet-nav-mobile-trigger-align-left\">\n\t<span class=\"jet-nav__mobile-trigger-open jet-blocks-icon\"><i aria-hidden=\"true\" class=\"fas fa-bars\"><\/i><\/span>\t<span class=\"jet-nav__mobile-trigger-close jet-blocks-icon\"><i aria-hidden=\"true\" class=\"fas fa-times\"><\/i><\/span><\/div><div class=\"menu-main-menu-container\"><div class=\"jet-nav m-layout-tablet jet-nav--horizontal\"><div class=\"menu-item menu-item-type-post_type menu-item-object-page menu-item-home jet-nav__item-3816 jet-nav__item\"><a href=\"https:\/\/oceansportlodge.com\/de\/\" class=\"menu-item-link menu-item-link-depth-0 menu-item-link-top\"><span class=\"jet-nav-link-text\">Herzlich willkommen<\/span><\/a><\/div>\n<div class=\"Lodge menu-item menu-item-type-custom menu-item-object-custom jet-nav__item-4285 jet-nav__item\"><a href=\"#Lodge\" class=\"menu-item-link menu-item-link-depth-0 menu-item-link-top\"><span class=\"jet-nav-link-text\">H\u00fctte<\/span><\/a><\/div>\n<div class=\"surf menu-item menu-item-type-custom menu-item-object-custom jet-nav__item-4296 jet-nav__item\"><a href=\"#surf\" class=\"menu-item-link menu-item-link-depth-0 menu-item-link-top\"><span class=\"jet-nav-link-text\">Surfaktivit\u00e4t<\/span><\/a><\/div>\n<div class=\"menu-item menu-item-type-post_type menu-item-object-page jet-nav__item-2864 jet-nav__item\"><a href=\"https:\/\/oceansportlodge.com\/de\/services\/\" class=\"menu-item-link menu-item-link-depth-0 menu-item-link-top\"><span class=\"jet-nav-link-text\">Optionen<\/span><\/a><\/div>\n<div class=\"devis menu-item menu-item-type-custom menu-item-object-custom jet-nav__item-270 jet-nav__item\"><a href=\"#devis\" class=\"menu-item-link menu-item-link-depth-0 menu-item-link-top\"><span class=\"jet-nav-link-text\">Zitat<\/span><\/a><\/div>\n<div class=\"menu-item menu-item-type-custom menu-item-object-custom jet-nav__item-3329 jet-nav__item\"><a href=\"mailto:oceansportlodge@gmail.com\" class=\"menu-item-link menu-item-link-depth-0 menu-item-link-top\"><span class=\"jet-nav-link-text\">Kontakt<\/span><\/a><\/div>\n<\/div><\/div><\/nav>\t\t<\/div>\n\t\t\t\t<\/div>\n\t\t\t\t\t<\/div>\n\t\t<\/div>\n\t\t\t\t\t<\/div>\n\t\t<\/section>\n\t\t\t\t<section class=\"elementor-section elementor-top-section elementor-element elementor-element-9e66a34 elementor-section-boxed elementor-section-height-default elementor-section-height-default\" data-id=\"9e66a34\" data-element_type=\"section\" data-settings=\"{&quot;jet_parallax_layout_list&quot;:[]}\">\n\t\t\t\t\t\t<div class=\"elementor-container elementor-column-gap-default\">\n\t\t\t\t\t<div class=\"elementor-column elementor-col-100 elementor-top-column elementor-element elementor-element-347bf08\" data-id=\"347bf08\" data-element_type=\"column\">\n\t\t\t<div class=\"elementor-widget-wrap elementor-element-populated\">\n\t\t\t\t\t\t<div class=\"elementor-element elementor-element-d78b71d elementor-widget elementor-widget-image\" data-id=\"d78b71d\" data-element_type=\"widget\" data-widget_type=\"image.default\">\n\t\t\t\t<div class=\"elementor-widget-container\">\n\t\t\t\t\t\t\t\t\t\t\t\t\t\t<a href=\"https:\/\/www.ecoledesurfdupinsec.com\/\" target=\"_blank\">\n\t\t\t\t\t\t\t<img decoding=\"async\" width=\"299\" height=\"95\" src=\"https:\/\/oceansportlodge.com\/wp-content\/uploads\/2022\/11\/screenshot-www.ecoledesurfdupinsec.com-2022.11.14-11_18_28.png\" class=\"attachment-large size-large wp-image-2572\" alt=\"\" srcset=\"https:\/\/oceansportlodge.com\/wp-content\/uploads\/2022\/11\/screenshot-www.ecoledesurfdupinsec.com-2022.11.14-11_18_28.png 299w, https:\/\/oceansportlodge.com\/wp-content\/uploads\/2022\/11\/screenshot-www.ecoledesurfdupinsec.com-2022.11.14-11_18_28-18x6.png 18w\" sizes=\"(max-width: 299px) 100vw, 299px\" \/>\t\t\t\t\t\t\t\t<\/a>\n\t\t\t\t\t\t\t\t\t\t\t\t\t<\/div>\n\t\t\t\t<\/div>\n\t\t\t\t<div class=\"elementor-element elementor-element-c53c0d0 elementor-widget elementor-widget-spacer\" data-id=\"c53c0d0\" data-element_type=\"widget\" data-widget_type=\"spacer.default\">\n\t\t\t\t<div class=\"elementor-widget-container\">\n\t\t\t\t\t<div class=\"elementor-spacer\">\n\t\t\t<div class=\"elementor-spacer-inner\"><\/div>\n\t\t<\/div>\n\t\t\t\t<\/div>\n\t\t\t\t<\/div>\n\t\t\t\t\t<\/div>\n\t\t<\/div>\n\t\t\t\t\t<\/div>\n\t\t<\/section>\n\t\t\t\t<section class=\"elementor-section elementor-top-section elementor-element elementor-element-a2105da elementor-section-boxed elementor-section-height-default elementor-section-height-default\" data-id=\"a2105da\" data-element_type=\"section\" data-settings=\"{&quot;jet_parallax_layout_list&quot;:[],&quot;background_background&quot;:&quot;classic&quot;}\">\n\t\t\t\t\t\t<div class=\"elementor-container elementor-column-gap-default\">\n\t\t\t\t\t<div class=\"elementor-column elementor-col-100 elementor-top-column elementor-element elementor-element-4ad4006e\" data-id=\"4ad4006e\" data-element_type=\"column\">\n\t\t\t<div class=\"elementor-widget-wrap elementor-element-populated\">\n\t\t\t\t\t\t<div class=\"elementor-element elementor-element-4b5d3188 elementor-widget elementor-widget-text-editor\" data-id=\"4b5d3188\" data-element_type=\"widget\" data-widget_type=\"text-editor.default\">\n\t\t\t\t<div class=\"elementor-widget-container\">\n\t\t\t\t\t\t\t<p style=\"text-align: center;\"><strong>Ocean Sport Lodge\u00a0<\/strong>\u00a9. Alle Rechte vorbehalten. Entworfen von\u00a0<strong><a href=\"https:\/\/elitehostingeurope.com\/\">EliteHostingEuropa<\/a><\/strong><\/p>\t\t\t\t\t\t<\/div>\n\t\t\t\t<\/div>\n\t\t\t\t\t<\/div>\n\t\t<\/div>\n\t\t\t\t\t<\/div>\n\t\t<\/section>\n\t\t\t\t<\/div>","protected":false},"excerpt":{"rendered":"<p>Sportaufenthalte In einer einzigartigen Umgebung zwischen Meeressee und Weinbergen, inklusive hochwertiger Ausstattung, begr\u00fc\u00dfen wir Aufenthalte f\u00fcr Vereine und Sportzentren, Aussch\u00fcsse, Ligen, Betriebsr\u00e4te, aber auch Yoga-Retreats, Zusammenhaltstrainingskurse, Teams und alle Gruppen, die entdecken oder sich verbessern m\u00f6chten die Aus\u00fcbung des Surfens. Willkommen [\u2026]<\/p>","protected":false},"author":1,"featured_media":0,"parent":0,"menu_order":0,"comment_status":"closed","ping_status":"closed","template":"elementor_canvas","meta":{"footnotes":""},"class_list":["post-2576","page","type-page","status-publish","hentry"],"yoast_head":"<!-- This site is optimized with the Yoast SEO Premium plugin v19.7 (Yoast SEO v25.3) - https:\/\/yoast.com\/wordpress\/plugins\/seo\/ -->\n<title>Ecole de Surf - Ocean Sport Lodge<\/title>\n<meta name=\"description\" content=\"S\u00e9jours Sportifs Dans un environment unique entre oc\u00e9an lac et vignobles, incluant des \u00e9quipements de qualit\u00e9, nous accueillons des s\u00e9jours pour les Clubs et p\u00f4les sportifs, les Comit\u00e9s, les Ligues, les CE, mais aussi des retraites de Yoga, des stages de coh\u00e9sion d\u2019\u00e9quipe et tous groupes souhaitant d\u00e9couvrir ou perfectionner la pratique du surf.\" \/>\n<meta name=\"robots\" content=\"index, follow, max-snippet:-1, max-image-preview:large, max-video-preview:-1\" \/>\n<link rel=\"canonical\" href=\"https:\/\/oceansportlodge.com\/de\/ecoledesurfpinsec\/\" \/>\n<meta property=\"og:locale\" content=\"de_DE\" \/>\n<meta property=\"og:type\" content=\"article\" \/>\n<meta property=\"og:title\" content=\"Ecole de Surf\" \/>\n<meta property=\"og:description\" content=\"S\u00e9jours Sportifs Dans un environment unique entre oc\u00e9an lac et vignobles, incluant des \u00e9quipements de qualit\u00e9, nous accueillons des s\u00e9jours pour les Clubs et p\u00f4les sportifs, les Comit\u00e9s, les Ligues, les CE, mais aussi des retraites de Yoga, des stages de coh\u00e9sion d\u2019\u00e9quipe et tous groupes souhaitant d\u00e9couvrir ou perfectionner la pratique du surf.\" \/>\n<meta property=\"og:url\" content=\"https:\/\/oceansportlodge.com\/de\/ecoledesurfpinsec\/\" \/>\n<meta property=\"og:site_name\" content=\"Ocean Sport Lodge\" \/>\n<meta property=\"article:modified_time\" content=\"2022-12-01T14:58:20+00:00\" \/>\n<meta property=\"og:image\" content=\"https:\/\/oceansportlodge.com\/wp-content\/uploads\/2022\/11\/logo_VF4_ocean_sport_lodge-300x300.png\" \/>\n<meta name=\"twitter:card\" content=\"summary_large_image\" \/>\n<meta name=\"twitter:label1\" content=\"Gesch\u00e4tzte Lesezeit\" \/>\n\t<meta name=\"twitter:data1\" content=\"1\u00a0Minute\" \/>\n<script type=\"application\/ld+json\" class=\"yoast-schema-graph\">{\"@context\":\"https:\/\/schema.org\",\"@graph\":[{\"@type\":\"WebPage\",\"@id\":\"https:\/\/oceansportlodge.com\/ecoledesurfpinsec\/\",\"url\":\"https:\/\/oceansportlodge.com\/ecoledesurfpinsec\/\",\"name\":\"Ecole de Surf - Ocean Sport Lodge\",\"isPartOf\":{\"@id\":\"https:\/\/oceansportlodge.com\/#website\"},\"primaryImageOfPage\":{\"@id\":\"https:\/\/oceansportlodge.com\/ecoledesurfpinsec\/#primaryimage\"},\"image\":{\"@id\":\"https:\/\/oceansportlodge.com\/ecoledesurfpinsec\/#primaryimage\"},\"thumbnailUrl\":\"https:\/\/oceansportlodge.com\/wp-content\/uploads\/2022\/11\/logo_VF4_ocean_sport_lodge-300x300.png\",\"datePublished\":\"2022-11-14T10:20:28+00:00\",\"dateModified\":\"2022-12-01T14:58:20+00:00\",\"description\":\"S\u00e9jours Sportifs Dans un environment unique entre oc\u00e9an lac et vignobles, incluant des \u00e9quipements de qualit\u00e9, nous accueillons des s\u00e9jours pour les Clubs et p\u00f4les sportifs, les Comit\u00e9s, les Ligues, les CE, mais aussi des retraites de Yoga, des stages de coh\u00e9sion d\u2019\u00e9quipe et tous groupes souhaitant d\u00e9couvrir ou perfectionner la pratique du surf.\",\"breadcrumb\":{\"@id\":\"https:\/\/oceansportlodge.com\/ecoledesurfpinsec\/#breadcrumb\"},\"inLanguage\":\"de\",\"potentialAction\":[{\"@type\":\"ReadAction\",\"target\":[\"https:\/\/oceansportlodge.com\/ecoledesurfpinsec\/\"]}]},{\"@type\":\"ImageObject\",\"inLanguage\":\"de\",\"@id\":\"https:\/\/oceansportlodge.com\/ecoledesurfpinsec\/#primaryimage\",\"url\":\"https:\/\/oceansportlodge.com\/wp-content\/uploads\/2022\/11\/logo_VF4_ocean_sport_lodge-300x300.png\",\"contentUrl\":\"https:\/\/oceansportlodge.com\/wp-content\/uploads\/2022\/11\/logo_VF4_ocean_sport_lodge-300x300.png\"},{\"@type\":\"BreadcrumbList\",\"@id\":\"https:\/\/oceansportlodge.com\/ecoledesurfpinsec\/#breadcrumb\",\"itemListElement\":[{\"@type\":\"ListItem\",\"position\":1,\"name\":\"Home\",\"item\":\"https:\/\/oceansportlodge.com\/\"},{\"@type\":\"ListItem\",\"position\":2,\"name\":\"Ecole de Surf\"}]},{\"@type\":\"WebSite\",\"@id\":\"https:\/\/oceansportlodge.com\/#website\",\"url\":\"https:\/\/oceansportlodge.com\/\",\"name\":\"Ocean Sport Lodge\",\"description\":\"Your Sport Holidays\",\"publisher\":{\"@id\":\"https:\/\/oceansportlodge.com\/#organization\"},\"alternateName\":\"OceanSportLodge\",\"potentialAction\":[{\"@type\":\"SearchAction\",\"target\":{\"@type\":\"EntryPoint\",\"urlTemplate\":\"https:\/\/oceansportlodge.com\/?s={search_term_string}\"},\"query-input\":{\"@type\":\"PropertyValueSpecification\",\"valueRequired\":true,\"valueName\":\"search_term_string\"}}],\"inLanguage\":\"de\"},{\"@type\":\"Organization\",\"@id\":\"https:\/\/oceansportlodge.com\/#organization\",\"name\":\"Ocean Sport Lodge\",\"alternateName\":\"OceanSportLodge\",\"url\":\"https:\/\/oceansportlodge.com\/\",\"logo\":{\"@type\":\"ImageObject\",\"inLanguage\":\"de\",\"@id\":\"https:\/\/oceansportlodge.com\/#\/schema\/logo\/image\/\",\"url\":\"https:\/\/oceansportlodge.com\/wp-content\/uploads\/2022\/11\/logo_VF4_ocean_sport_lodge.png\",\"contentUrl\":\"https:\/\/oceansportlodge.com\/wp-content\/uploads\/2022\/11\/logo_VF4_ocean_sport_lodge.png\",\"width\":2204,\"height\":2204,\"caption\":\"Ocean Sport Lodge\"},\"image\":{\"@id\":\"https:\/\/oceansportlodge.com\/#\/schema\/logo\/image\/\"}}]}<\/script>\n<!-- \/ Yoast SEO Premium plugin. -->","yoast_head_json":{"title":"Ecole de Surf - Ocean Sport Lodge","description":"S\u00e9jours Sportifs Dans un environment unique entre oc\u00e9an lac et vignobles, incluant des \u00e9quipements de qualit\u00e9, nous accueillons des s\u00e9jours pour les Clubs et p\u00f4les sportifs, les Comit\u00e9s, les Ligues, les CE, mais aussi des retraites de Yoga, des stages de coh\u00e9sion d\u2019\u00e9quipe et tous groupes souhaitant d\u00e9couvrir ou perfectionner la pratique du surf.","robots":{"index":"index","follow":"follow","max-snippet":"max-snippet:-1","max-image-preview":"max-image-preview:large","max-video-preview":"max-video-preview:-1"},"canonical":"https:\/\/oceansportlodge.com\/de\/ecoledesurfpinsec\/","og_locale":"de_DE","og_type":"article","og_title":"Ecole de Surf","og_description":"S\u00e9jours Sportifs Dans un environment unique entre oc\u00e9an lac et vignobles, incluant des \u00e9quipements de qualit\u00e9, nous accueillons des s\u00e9jours pour les Clubs et p\u00f4les sportifs, les Comit\u00e9s, les Ligues, les CE, mais aussi des retraites de Yoga, des stages de coh\u00e9sion d\u2019\u00e9quipe et tous groupes souhaitant d\u00e9couvrir ou perfectionner la pratique du surf.","og_url":"https:\/\/oceansportlodge.com\/de\/ecoledesurfpinsec\/","og_site_name":"Ocean Sport Lodge","article_modified_time":"2022-12-01T14:58:20+00:00","og_image":[{"url":"https:\/\/oceansportlodge.com\/wp-content\/uploads\/2022\/11\/logo_VF4_ocean_sport_lodge-300x300.png","type":"","width":"","height":""}],"twitter_card":"summary_large_image","twitter_misc":{"Gesch\u00e4tzte Lesezeit":"1\u00a0Minute"},"schema":{"@context":"https:\/\/schema.org","@graph":[{"@type":"WebPage","@id":"https:\/\/oceansportlodge.com\/ecoledesurfpinsec\/","url":"https:\/\/oceansportlodge.com\/ecoledesurfpinsec\/","name":"Ecole de Surf - Ocean Sport Lodge","isPartOf":{"@id":"https:\/\/oceansportlodge.com\/#website"},"primaryImageOfPage":{"@id":"https:\/\/oceansportlodge.com\/ecoledesurfpinsec\/#primaryimage"},"image":{"@id":"https:\/\/oceansportlodge.com\/ecoledesurfpinsec\/#primaryimage"},"thumbnailUrl":"https:\/\/oceansportlodge.com\/wp-content\/uploads\/2022\/11\/logo_VF4_ocean_sport_lodge-300x300.png","datePublished":"2022-11-14T10:20:28+00:00","dateModified":"2022-12-01T14:58:20+00:00","description":"S\u00e9jours Sportifs Dans un environment unique entre oc\u00e9an lac et vignobles, incluant des \u00e9quipements de qualit\u00e9, nous accueillons des s\u00e9jours pour les Clubs et p\u00f4les sportifs, les Comit\u00e9s, les Ligues, les CE, mais aussi des retraites de Yoga, des stages de coh\u00e9sion d\u2019\u00e9quipe et tous groupes souhaitant d\u00e9couvrir ou perfectionner la pratique du surf.","breadcrumb":{"@id":"https:\/\/oceansportlodge.com\/ecoledesurfpinsec\/#breadcrumb"},"inLanguage":"de","potentialAction":[{"@type":"ReadAction","target":["https:\/\/oceansportlodge.com\/ecoledesurfpinsec\/"]}]},{"@type":"ImageObject","inLanguage":"de","@id":"https:\/\/oceansportlodge.com\/ecoledesurfpinsec\/#primaryimage","url":"https:\/\/oceansportlodge.com\/wp-content\/uploads\/2022\/11\/logo_VF4_ocean_sport_lodge-300x300.png","contentUrl":"https:\/\/oceansportlodge.com\/wp-content\/uploads\/2022\/11\/logo_VF4_ocean_sport_lodge-300x300.png"},{"@type":"BreadcrumbList","@id":"https:\/\/oceansportlodge.com\/ecoledesurfpinsec\/#breadcrumb","itemListElement":[{"@type":"ListItem","position":1,"name":"Home","item":"https:\/\/oceansportlodge.com\/"},{"@type":"ListItem","position":2,"name":"Ecole de Surf"}]},{"@type":"WebSite","@id":"https:\/\/oceansportlodge.com\/#website","url":"https:\/\/oceansportlodge.com\/","name":"Ocean Sport Lodge","description":"Your Sport Holidays","publisher":{"@id":"https:\/\/oceansportlodge.com\/#organization"},"alternateName":"OceanSportLodge","potentialAction":[{"@type":"SearchAction","target":{"@type":"EntryPoint","urlTemplate":"https:\/\/oceansportlodge.com\/?s={search_term_string}"},"query-input":{"@type":"PropertyValueSpecification","valueRequired":true,"valueName":"search_term_string"}}],"inLanguage":"de"},{"@type":"Organization","@id":"https:\/\/oceansportlodge.com\/#organization","name":"Ocean Sport Lodge","alternateName":"OceanSportLodge","url":"https:\/\/oceansportlodge.com\/","logo":{"@type":"ImageObject","inLanguage":"de","@id":"https:\/\/oceansportlodge.com\/#\/schema\/logo\/image\/","url":"https:\/\/oceansportlodge.com\/wp-content\/uploads\/2022\/11\/logo_VF4_ocean_sport_lodge.png","contentUrl":"https:\/\/oceansportlodge.com\/wp-content\/uploads\/2022\/11\/logo_VF4_ocean_sport_lodge.png","width":2204,"height":2204,"caption":"Ocean Sport Lodge"},"image":{"@id":"https:\/\/oceansportlodge.com\/#\/schema\/logo\/image\/"}}]}},"jetpack_sharing_enabled":true,"_links":{"self":[{"href":"https:\/\/oceansportlodge.com\/de\/wp-json\/wp\/v2\/pages\/2576","targetHints":{"allow":["GET"]}}],"collection":[{"href":"https:\/\/oceansportlodge.com\/de\/wp-json\/wp\/v2\/pages"}],"about":[{"href":"https:\/\/oceansportlodge.com\/de\/wp-json\/wp\/v2\/types\/page"}],"author":[{"embeddable":true,"href":"https:\/\/oceansportlodge.com\/de\/wp-json\/wp\/v2\/users\/1"}],"replies":[{"embeddable":true,"href":"https:\/\/oceansportlodge.com\/de\/wp-json\/wp\/v2\/comments?post=2576"}],"version-history":[{"count":24,"href":"https:\/\/oceansportlodge.com\/de\/wp-json\/wp\/v2\/pages\/2576\/revisions"}],"predecessor-version":[{"id":4192,"href":"https:\/\/oceansportlodge.com\/de\/wp-json\/wp\/v2\/pages\/2576\/revisions\/4192"}],"wp:attachment":[{"href":"https:\/\/oceansportlodge.com\/de\/wp-json\/wp\/v2\/media?parent=2576"}],"curies":[{"name":"wp","href":"https:\/\/api.w.org\/{rel}","templated":true}]}}