{"id":4259,"date":"2023-01-19T11:27:33","date_gmt":"2023-01-19T11:27:33","guid":{"rendered":"https:\/\/oceansportlodge.com\/newsletter\/"},"modified":"2023-01-19T11:27:33","modified_gmt":"2023-01-19T11:27:33","slug":"newsletter","status":"publish","type":"page","link":"https:\/\/oceansportlodge.com\/de\/newsletter\/","title":{"rendered":"Newsletter"},"content":{"rendered":"<div class=\"tnp tnp-subscription\">\n<form method=\"post\" action=\"https:\/\/oceansportlodge.com\/wp-admin\/admin-ajax.php?action=tnp&amp;na=s\">\n<input type=\"hidden\" name=\"nlang\" value=\"\">\n<div class=\"tnp-field tnp-field-firstname\"><label for=\"tnp-1\">Pr\u00e9nom ou nom complet<\/label>\n<input class=\"tnp-name\" type=\"text\" name=\"nn\" id=\"tnp-1\" value=\"\" placeholder=\"\"><\/div>\n<div class=\"tnp-field tnp-field-email\"><label for=\"tnp-2\">Email<\/label>\n<input class=\"tnp-email\" type=\"email\" name=\"ne\" id=\"tnp-2\" value=\"\" placeholder=\"\" required><\/div>\n<div class=\"tnp-field tnp-field-button\" style=\"text-align: left\"><input class=\"tnp-submit\" type=\"submit\" value=\"S&#039;abonner\" style=\"\">\n<\/div>\n<\/form>\n<\/div>","protected":false},"excerpt":{"rendered":"","protected":false},"author":1,"featured_media":0,"parent":0,"menu_order":0,"comment_status":"closed","ping_status":"closed","template":"","meta":{"footnotes":""},"class_list":["post-4259","page","type-page","status-publish","hentry"],"yoast_head":"<!-- This site is optimized with the Yoast SEO Premium plugin v19.7 (Yoast SEO v25.3) - https:\/\/yoast.com\/wordpress\/plugins\/seo\/ -->\n<title>Newsletter - Ocean Sport Lodge<\/title>\n<meta name=\"description\" content=\"S\u00e9jours Sportifs Dans un environment unique entre oc\u00e9an lac et vignobles, incluant des \u00e9quipements de qualit\u00e9, nous accueillons des s\u00e9jours pour les Clubs et p\u00f4les sportifs, les Comit\u00e9s, les Ligues, les CE, mais aussi des retraites de Yoga, des stages de coh\u00e9sion d\u2019\u00e9quipe et tous groupes souhaitant d\u00e9couvrir ou perfectionner la pratique du surf.\" \/>\n<meta name=\"robots\" content=\"index, follow, max-snippet:-1, max-image-preview:large, max-video-preview:-1\" \/>\n<link rel=\"canonical\" href=\"https:\/\/oceansportlodge.com\/de\/newsletter\/\" \/>\n<meta property=\"og:locale\" content=\"de_DE\" \/>\n<meta property=\"og:type\" content=\"article\" \/>\n<meta property=\"og:title\" content=\"Newsletter\" \/>\n<meta property=\"og:description\" content=\"S\u00e9jours Sportifs Dans un environment unique entre oc\u00e9an lac et vignobles, incluant des \u00e9quipements de qualit\u00e9, nous accueillons des s\u00e9jours pour les Clubs et p\u00f4les sportifs, les Comit\u00e9s, les Ligues, les CE, mais aussi des retraites de Yoga, des stages de coh\u00e9sion d\u2019\u00e9quipe et tous groupes souhaitant d\u00e9couvrir ou perfectionner la pratique du surf.\" \/>\n<meta property=\"og:url\" content=\"https:\/\/oceansportlodge.com\/de\/newsletter\/\" \/>\n<meta property=\"og:site_name\" content=\"Ocean Sport Lodge\" \/>\n<meta name=\"twitter:card\" content=\"summary_large_image\" \/>\n<script type=\"application\/ld+json\" class=\"yoast-schema-graph\">{\"@context\":\"https:\/\/schema.org\",\"@graph\":[{\"@type\":\"WebPage\",\"@id\":\"https:\/\/oceansportlodge.com\/newsletter\/\",\"url\":\"https:\/\/oceansportlodge.com\/newsletter\/\",\"name\":\"Newsletter - Ocean Sport Lodge\",\"isPartOf\":{\"@id\":\"https:\/\/oceansportlodge.com\/#website\"},\"datePublished\":\"2023-01-19T11:27:33+00:00\",\"description\":\"S\u00e9jours Sportifs Dans un environment unique entre oc\u00e9an lac et vignobles, incluant des \u00e9quipements de qualit\u00e9, nous accueillons des s\u00e9jours pour les Clubs et p\u00f4les sportifs, les Comit\u00e9s, les Ligues, les CE, mais aussi des retraites de Yoga, des stages de coh\u00e9sion d\u2019\u00e9quipe et tous groupes souhaitant d\u00e9couvrir ou perfectionner la pratique du surf.\",\"breadcrumb\":{\"@id\":\"https:\/\/oceansportlodge.com\/newsletter\/#breadcrumb\"},\"inLanguage\":\"de\",\"potentialAction\":[{\"@type\":\"ReadAction\",\"target\":[\"https:\/\/oceansportlodge.com\/newsletter\/\"]}]},{\"@type\":\"BreadcrumbList\",\"@id\":\"https:\/\/oceansportlodge.com\/newsletter\/#breadcrumb\",\"itemListElement\":[{\"@type\":\"ListItem\",\"position\":1,\"name\":\"Home\",\"item\":\"https:\/\/oceansportlodge.com\/\"},{\"@type\":\"ListItem\",\"position\":2,\"name\":\"Newsletter\"}]},{\"@type\":\"WebSite\",\"@id\":\"https:\/\/oceansportlodge.com\/#website\",\"url\":\"https:\/\/oceansportlodge.com\/\",\"name\":\"Ocean Sport Lodge\",\"description\":\"Your Sport Holidays\",\"publisher\":{\"@id\":\"https:\/\/oceansportlodge.com\/#organization\"},\"alternateName\":\"OceanSportLodge\",\"potentialAction\":[{\"@type\":\"SearchAction\",\"target\":{\"@type\":\"EntryPoint\",\"urlTemplate\":\"https:\/\/oceansportlodge.com\/?s={search_term_string}\"},\"query-input\":{\"@type\":\"PropertyValueSpecification\",\"valueRequired\":true,\"valueName\":\"search_term_string\"}}],\"inLanguage\":\"de\"},{\"@type\":\"Organization\",\"@id\":\"https:\/\/oceansportlodge.com\/#organization\",\"name\":\"Ocean Sport Lodge\",\"alternateName\":\"OceanSportLodge\",\"url\":\"https:\/\/oceansportlodge.com\/\",\"logo\":{\"@type\":\"ImageObject\",\"inLanguage\":\"de\",\"@id\":\"https:\/\/oceansportlodge.com\/#\/schema\/logo\/image\/\",\"url\":\"https:\/\/oceansportlodge.com\/wp-content\/uploads\/2022\/11\/logo_VF4_ocean_sport_lodge.png\",\"contentUrl\":\"https:\/\/oceansportlodge.com\/wp-content\/uploads\/2022\/11\/logo_VF4_ocean_sport_lodge.png\",\"width\":2204,\"height\":2204,\"caption\":\"Ocean Sport Lodge\"},\"image\":{\"@id\":\"https:\/\/oceansportlodge.com\/#\/schema\/logo\/image\/\"}}]}<\/script>\n<!-- \/ Yoast SEO Premium plugin. -->","yoast_head_json":{"title":"Newsletter - Ocean Sport Lodge","description":"S\u00e9jours Sportifs Dans un environment unique entre oc\u00e9an lac et vignobles, incluant des \u00e9quipements de qualit\u00e9, nous accueillons des s\u00e9jours pour les Clubs et p\u00f4les sportifs, les Comit\u00e9s, les Ligues, les CE, mais aussi des retraites de Yoga, des stages de coh\u00e9sion d\u2019\u00e9quipe et tous groupes souhaitant d\u00e9couvrir ou perfectionner la pratique du surf.","robots":{"index":"index","follow":"follow","max-snippet":"max-snippet:-1","max-image-preview":"max-image-preview:large","max-video-preview":"max-video-preview:-1"},"canonical":"https:\/\/oceansportlodge.com\/de\/newsletter\/","og_locale":"de_DE","og_type":"article","og_title":"Newsletter","og_description":"S\u00e9jours Sportifs Dans un environment unique entre oc\u00e9an lac et vignobles, incluant des \u00e9quipements de qualit\u00e9, nous accueillons des s\u00e9jours pour les Clubs et p\u00f4les sportifs, les Comit\u00e9s, les Ligues, les CE, mais aussi des retraites de Yoga, des stages de coh\u00e9sion d\u2019\u00e9quipe et tous groupes souhaitant d\u00e9couvrir ou perfectionner la pratique du surf.","og_url":"https:\/\/oceansportlodge.com\/de\/newsletter\/","og_site_name":"Ocean Sport Lodge","twitter_card":"summary_large_image","schema":{"@context":"https:\/\/schema.org","@graph":[{"@type":"WebPage","@id":"https:\/\/oceansportlodge.com\/newsletter\/","url":"https:\/\/oceansportlodge.com\/newsletter\/","name":"Newsletter - Ocean Sport Lodge","isPartOf":{"@id":"https:\/\/oceansportlodge.com\/#website"},"datePublished":"2023-01-19T11:27:33+00:00","description":"S\u00e9jours Sportifs Dans un environment unique entre oc\u00e9an lac et vignobles, incluant des \u00e9quipements de qualit\u00e9, nous accueillons des s\u00e9jours pour les Clubs et p\u00f4les sportifs, les Comit\u00e9s, les Ligues, les CE, mais aussi des retraites de Yoga, des stages de coh\u00e9sion d\u2019\u00e9quipe et tous groupes souhaitant d\u00e9couvrir ou perfectionner la pratique du surf.","breadcrumb":{"@id":"https:\/\/oceansportlodge.com\/newsletter\/#breadcrumb"},"inLanguage":"de","potentialAction":[{"@type":"ReadAction","target":["https:\/\/oceansportlodge.com\/newsletter\/"]}]},{"@type":"BreadcrumbList","@id":"https:\/\/oceansportlodge.com\/newsletter\/#breadcrumb","itemListElement":[{"@type":"ListItem","position":1,"name":"Home","item":"https:\/\/oceansportlodge.com\/"},{"@type":"ListItem","position":2,"name":"Newsletter"}]},{"@type":"WebSite","@id":"https:\/\/oceansportlodge.com\/#website","url":"https:\/\/oceansportlodge.com\/","name":"Ocean Sport Lodge","description":"Your Sport Holidays","publisher":{"@id":"https:\/\/oceansportlodge.com\/#organization"},"alternateName":"OceanSportLodge","potentialAction":[{"@type":"SearchAction","target":{"@type":"EntryPoint","urlTemplate":"https:\/\/oceansportlodge.com\/?s={search_term_string}"},"query-input":{"@type":"PropertyValueSpecification","valueRequired":true,"valueName":"search_term_string"}}],"inLanguage":"de"},{"@type":"Organization","@id":"https:\/\/oceansportlodge.com\/#organization","name":"Ocean Sport Lodge","alternateName":"OceanSportLodge","url":"https:\/\/oceansportlodge.com\/","logo":{"@type":"ImageObject","inLanguage":"de","@id":"https:\/\/oceansportlodge.com\/#\/schema\/logo\/image\/","url":"https:\/\/oceansportlodge.com\/wp-content\/uploads\/2022\/11\/logo_VF4_ocean_sport_lodge.png","contentUrl":"https:\/\/oceansportlodge.com\/wp-content\/uploads\/2022\/11\/logo_VF4_ocean_sport_lodge.png","width":2204,"height":2204,"caption":"Ocean Sport Lodge"},"image":{"@id":"https:\/\/oceansportlodge.com\/#\/schema\/logo\/image\/"}}]}},"jetpack_sharing_enabled":true,"_links":{"self":[{"href":"https:\/\/oceansportlodge.com\/de\/wp-json\/wp\/v2\/pages\/4259","targetHints":{"allow":["GET"]}}],"collection":[{"href":"https:\/\/oceansportlodge.com\/de\/wp-json\/wp\/v2\/pages"}],"about":[{"href":"https:\/\/oceansportlodge.com\/de\/wp-json\/wp\/v2\/types\/page"}],"author":[{"embeddable":true,"href":"https:\/\/oceansportlodge.com\/de\/wp-json\/wp\/v2\/users\/1"}],"replies":[{"embeddable":true,"href":"https:\/\/oceansportlodge.com\/de\/wp-json\/wp\/v2\/comments?post=4259"}],"version-history":[{"count":0,"href":"https:\/\/oceansportlodge.com\/de\/wp-json\/wp\/v2\/pages\/4259\/revisions"}],"wp:attachment":[{"href":"https:\/\/oceansportlodge.com\/de\/wp-json\/wp\/v2\/media?parent=4259"}],"curies":[{"name":"wp","href":"https:\/\/api.w.org\/{rel}","templated":true}]}}