{"id":4458,"date":"2024-06-17T20:35:23","date_gmt":"2024-06-17T20:35:23","guid":{"rendered":"https:\/\/oceansportlodge.com\/wpbc-booking\/"},"modified":"2024-06-17T20:35:23","modified_gmt":"2024-06-17T20:35:23","slug":"wpbc-booking","status":"publish","type":"page","link":"https:\/\/oceansportlodge.com\/it\/wpbc-booking\/","title":{"rendered":"Formulaire de r\u00e9servation"},"content":{"rendered":"<div id=\"form_id695008018965\"  class=\"wpbc_container wpbc_form wpbc_container_booking_form\" ><form  id=\"booking_form1\"   class=\"booking_form vertical\" method=\"post\" action=\"\" data-trp-original-action=\"\"><div id=\"ajax_respond_insert1\" class=\"ajax_respond_insert\" style=\"display:none;\"><\/div><a name=\"bklnk1\" id=\"bklnk1\"><\/a><div id=\"booking_form_div1\" class=\"booking_form_div\"><style type=\"text\/css\">.wpbc_container_booking_form .block_hints, .wpbc_booking_form_simple.wpbc_form_center .wpbc__form__div .wpbc__row.wpbc_r_calendar,  .wpbc_booking_form_simple .wpbc__form__div .wpbc__row:not(.wpbc_r_calendar){max-width:440px;} <\/style>\n<div class=\"wpbc_booking_form_simple wpbc_booking_form_structure wpbc_form_center\">\n    <div class=\"wpbc__form__div\">\n\t<div class=\"wpbc_r_calendar wpbc__row\">\n      <div class=\"wpbc_r_calendar wpbc__field\"> <div class=\"wpbc_calendar_wraper wpbc_change_over_triangle wpbc_calendar_skin_legacy\"><div class=\"wpbc_cal_container bk_calendar_frame wpbc_no_custom_width  months_num_in_row_ cal_month_num_1 wpbc_timeslot_day_bg_as_available\" style=\"\"><div id=\"calendar_booking1\">Il calendario sta caricando...<\/div><\/div><div style=\"font-size:7px;text-align:left;margin:0 0 10px;text-shadow: none;\">Offerto da <a href=\"https:\/\/wpbookingcalendar.com\" style=\"font-size:7px;\" target=\"_blank\" title=\"Plugin del calendario delle prenotazioni per WordPress\">Calendario delle prenotazioni<\/a><\/div><textarea id=\"date_booking1\" name=\"date_booking1\" autocomplete=\"off\" style=\"display:none;\"><\/textarea><div class=\"block_hints datepick\"><div class=\"wpdev_hint_with_text\"><div class=\"\"><div class=\"datepick-inline wpbc_calendar_legend_table_width_height\"><table class=\"datepick wpbc_calendar\" style=\"\"><tbody><tr><td class=\"datepick-days-cell date_available wpbc_calendar_legend_day_cell_height\"><div class=\"wpbc-cell-box\">\t<div class=\"date-cell-content\">\t\t<div class=\"date-content-top\"><\/div>\t\t<a>&nbsp;<\/a>\t\t<div class=\"date-content-bottom\"><\/div>\t<\/div><\/div><\/td><\/tr><\/tbody><\/table><\/div><\/div><div class=\"block_text\">- <\/div><div class=\"block_text\">Disponibile<\/div><\/div><div class=\"wpdev_hint_with_text\"><div class=\"\"><div class=\"datepick-inline wpbc_calendar_legend_table_width_height\"><table class=\"datepick wpbc_calendar\" style=\"\"><tbody><tr><td class=\"datepick-days-cell datepick-unselectable date_user_unavailable full_day_booking date_approved wpbc_calendar_legend_day_cell_height\"><div class=\"wpbc-cell-box\">\t<div class=\"date-cell-content\">\t\t<div class=\"date-content-top\"><\/div>\t\t<span>&nbsp;<\/span>\t\t<div class=\"date-content-bottom\"><\/div>\t<\/div><\/div><\/td><\/tr><\/tbody><\/table><\/div><\/div><div class=\"block_text\">- <\/div><div class=\"block_text\">Riservato<\/div><\/div><div class=\"wpdev_hint_with_text\"><div class=\"\"><div class=\"datepick-inline wpbc_calendar_legend_table_width_height\"><table class=\"datepick wpbc_calendar\" style=\"\"><tbody><tr><td class=\"datepick-days-cell datepick-unselectable date_user_unavailable full_day_booking date2approve wpbc_calendar_legend_day_cell_height\"><div class=\"wpbc-cell-box\">\t<div class=\"date-cell-content\">\t\t<div class=\"date-content-top\"><\/div>\t\t<span>&nbsp;<\/span>\t\t<div class=\"date-content-bottom\"><\/div>\t<\/div><\/div><\/td><\/tr><\/tbody><\/table><\/div><\/div><div class=\"block_text\">- <\/div><div class=\"block_text\">In attesa<\/div><\/div><div class=\"wpdev_hint_with_text\"><div class=\"\"><span class=\"wpbc_timeslot_day_bg_as_available wpbc_change_over_triangle\"><div class=\"datepick-inline wpbc_calendar_legend_table_width_height\"><table class=\"datepick wpbc_calendar\" style=\"\"><tbody><tr><td class=\"datepick-days-cell date_available date2approve timespartly times_clock wpbc_calendar_legend_day_cell_height\"><div class=\"wpbc-cell-box\">\t<div class=\"wpbc-diagonal-el\">\t\t<div class=\"wpbc-co-out\"><svg height=\"100%\" width=\"100%\" viewbox=\"0 0 100 100\" preserveaspectratio=\"none\"><polygon points=\"0,0 0,99 99,0\"><\/polygon><polygon points=\"0,0 0,100 49,100 49,0\"><\/polygon><\/svg><\/div>\t\t<div class=\"wpbc-co-in\"><svg height=\"100%\" width=\"100%\" viewbox=\"0 0 98 98\" preserveaspectratio=\"none\"><polygon points=\"0,99 99,99 99,0\"><\/polygon><polygon points=\"50,98 98,98 98,0 50,0\"><\/polygon><\/svg><\/div>\t<\/div>\t<div class=\"date-cell-content\">\t\t<div class=\"date-content-top\"><div class=\"wpbc_time_dots\">\u00b7<\/div><\/div>\t\t<a>&nbsp;<\/a>\t\t<div class=\"date-content-bottom\"><\/div>\t<\/div><\/div><\/td><\/tr><\/tbody><\/table><\/div><\/span><\/div><div class=\"block_text\">- <\/div><div class=\"block_text\">Partiellement r\u00e9serv\u00e9<\/div><\/div><\/div><\/div><\/div>\n\t<\/div>\n\t<div class=\"wpbc__row\">\n      <div class=\"wpbc_r_name wpbc__field\">  <label for=\"name1\">Pr\u00e9nom*<\/label><br>   <input type=\"text\" name=\"name1\" id=\"name1\" class=\"input-xlarge wpdev-validates-as-required\" \/><\/div>\n\t<\/div>\n\t<div class=\"wpbc__row\">\n      <div class=\"wpbc_r_secondname wpbc__field\">  <label for=\"secondname1\">Nom*<\/label><br>   <input type=\"text\" name=\"secondname1\" id=\"secondname1\" class=\"input-xlarge wpdev-validates-as-required\" \/><\/div>\n\t<\/div>\n\t<div class=\"wpbc__row\">\n      <div class=\"wpbc_r_structure wpbc__field\">  <label for=\"structure1\">Structure<\/label><br>   <input type=\"text\" name=\"structure1\" id=\"structure1\" class=\"input-xlarge\" \/><\/div>\n\t<\/div>\n\t<div class=\"wpbc__row\">\n      <div class=\"wpbc_r_email wpbc__field\">  <label for=\"email1\">Email*<\/label><br>   <input type=\"email\" name=\"email1\" id=\"email1\" class=\"input-xlarge wpdev-validates-as-email wpdev-validates-as-required wpdev-validates-as-required\" \/><\/div>\n\t<\/div>\n\t<div class=\"wpbc__row\">\n      <div class=\"wpbc_r_phone wpbc__field\">  <label for=\"phone1\">T\u00e9l\u00e9phone<\/label><br>   <input type=\"text\" name=\"phone1\" id=\"phone1\" class=\"input-xlarge\" \/><\/div>\n\t<\/div>\n\t<div class=\"wpbc__row\">\n      <div class=\"wpbc_r_visitors wpbc__field\">  <label for=\"visitors1\">Adultes*<\/label><br>   <select name=\"visitors1\" id=\"visitors1\" class=\"input-xlarge wpdev-validates-as-required\" >  <option value=\"1\" >1<\/option>  <option value=\"2\" >2<\/option>  <option value=\"3\" >3<\/option>  <option value=\"4\" >4<\/option>  <option value=\"5\" >5<\/option>  <option value=\"6\" >6<\/option>  <option value=\"7\" >7<\/option>  <option value=\"8\" >8<\/option>  <option value=\"9\" >9<\/option>  <option value=\"10\" >10<\/option>  <option value=\"11\" >11<\/option>  <option value=\"12\" >12<\/option>  <option value=\"13\" >13<\/option>  <option value=\"14\" >14<\/option>     <\/select><\/div>\n\t<\/div>\n\t<div class=\"wpbc__row\">\n      <div class=\"wpbc_r_activitsurf wpbc__field\">  <label for=\"activitsurf1\">Activit\u00e9 Surf*<\/label><br>   <select name=\"activitsurf1\" id=\"activitsurf1\" class=\"input-xlarge wpdev-validates-as-required\" >  <option value=\"Non\" >No<\/option>  <option value=\"mi-temp (2 heures par jour)\" >met\u00e0 tempo (2 ore al giorno)<\/option>  <option value=\"Plein-temp (4 heures par jour)\" >Tempo pieno (4 ore al giorno)<\/option>     <\/select><\/div>\n\t<\/div>\n\t<div class=\"wpbc__row\">\n      <div class=\"wpbc_r_voulez-vousdesoptions wpbc__field\">  <label for=\"voulez-vousdesoptions1\">Voulez-vous des Options<\/label><br>   <select name=\"voulez-vousdesoptions1\" id=\"voulez-vousdesoptions1\" class=\"input-xlarge\" >  <option value=\"Oui\" >s\u00ec<\/option>  <option value=\"Non\" >No<\/option>     <\/select><\/div>\n\t<\/div>\n\t<div class=\"wpbc__row\">\n      <div class=\"wpbc_r_surf wpbc__field\">     <label for=\"surf1\" class=\"control-label\" style=\"display: inline-block;\">   <input type=\"checkbox\" name=\"surf1\" id=\"surf1\" class=\"wpdev-checkbox\" style=\"margin:0 0.25em 3px;\" value=\"true\" \/>&nbsp;Fitness<\/label><\/div>\n\t<\/div>\n\t<div class=\"wpbc__row\">\n      <div class=\"wpbc_r_coachingsurf wpbc__field\">     <label for=\"coachingsurf1\" class=\"control-label\" style=\"display: inline-block;\">   <input type=\"checkbox\" name=\"coachingsurf1\" id=\"coachingsurf1\" class=\"wpdev-checkbox\" style=\"margin:0 0.25em 3px;\" value=\"true\" \/>&nbsp;Istruttore di surf<\/label><\/div>\n\t<\/div>\n\t<div class=\"wpbc__row\">\n      <div class=\"wpbc_r_options wpbc__field\">     <label for=\"options1\" class=\"control-label\" style=\"display: inline-block;\">   <input type=\"checkbox\" name=\"options1\" id=\"options1\" class=\"wpdev-checkbox\" style=\"margin:0 0.25em 3px;\" value=\"true\" \/>&nbsp;Bicicletta<\/label><\/div>\n\t<\/div>\n\t<div class=\"wpbc__row\">\n      <div class=\"wpbc_r_balladeenpadle wpbc__field\">     <label for=\"balladeenpadle1\" class=\"control-label\" style=\"display: inline-block;\">   <input type=\"checkbox\" name=\"balladeenpadle1\" id=\"balladeenpadle1\" class=\"wpdev-checkbox\" style=\"margin:0 0.25em 3px;\" value=\"true\" \/>&nbsp;Giro in pagaia<\/label><\/div>\n\t<\/div>\n\t<div class=\"wpbc__row\">\n      <div class=\"wpbc_r_transport wpbc__field\">     <label for=\"transport1\" class=\"control-label\" style=\"display: inline-block;\">   <input type=\"checkbox\" name=\"transport1\" id=\"transport1\" class=\"wpdev-checkbox\" style=\"margin:0 0.25em 3px;\" value=\"true\" \/>&nbsp;Trasporto<\/label><\/div>\n\t<\/div>\n\t<div class=\"wpbc__row\">\n      <div class=\"wpbc_r_soireecocktail wpbc__field\">     <label for=\"soireecocktail1\" class=\"control-label\" style=\"display: inline-block;\">   <input type=\"checkbox\" name=\"soireecocktail1\" id=\"soireecocktail1\" class=\"wpdev-checkbox\" style=\"margin:0 0.25em 3px;\" value=\"true\" \/>&nbsp;Cocktail party<\/label><\/div>\n\t<\/div>\n\t<div class=\"wpbc__row\">\n      <div class=\"wpbc_r_degustationdevin wpbc__field\">     <label for=\"degustationdevin1\" class=\"control-label\" style=\"display: inline-block;\">   <input type=\"checkbox\" name=\"degustationdevin1\" id=\"degustationdevin1\" class=\"wpdev-checkbox\" style=\"margin:0 0.25em 3px;\" value=\"true\" \/>&nbsp;Degustazione di vini<\/label><\/div>\n\t<\/div>\n\t<div class=\"wpbc__row\">\n      <div class=\"wpbc_r_chefdomicile wpbc__field\">     <label for=\"chefdomicile1\" class=\"control-label\" style=\"display: inline-block;\">   <input type=\"checkbox\" name=\"chefdomicile1\" id=\"chefdomicile1\" class=\"wpdev-checkbox\" style=\"margin:0 0.25em 3px;\" value=\"true\" \/>&nbsp;Cuoco a domicilio<\/label><\/div>\n\t<\/div>\n\t<div class=\"wpbc__row\">\n      <div class=\"wpbc_r_details wpbc__field\">  <label for=\"details1\">Message<\/label><br>   <textarea  rows=\"3\" name=\"details1\" id=\"details1\" class=\"input-xlarge\" ><\/textarea><\/div>\n\t<\/div>\n\t<div class=\"wpbc__row\">\n      <div class=\"wpbc_r_captcha wpbc__field\"> <\/div>\n\t<\/div>\n\t<div class=\"wpbc__row\">\n      <div class=\"wpbc_r_submit wpbc__field\"> <button class=\"wpbc_button_light\" type=\"button\" onclick=\"mybooking_submit(this.form,1,'it_IT');\" >Inviare<\/button>\n<\/div>\n\t<\/div>\n    <\/div>\n<\/div><input id=\"bk_type1\" name=\"bk_type1\" class=\"\" type=\"hidden\" value=\"1\" \/><\/div><div id=\"submiting1\"><\/div><div class=\"form_bk_messages\" id=\"form_bk_messages1\" ><\/div><input type=\"hidden\" id=\"wpbc_nonceCALCULATE_THE_COST1\" name=\"wpbc_nonceCALCULATE_THE_COST1\" value=\"1c2cb6e659\" \/><input type=\"hidden\" name=\"_wp_http_referer\" value=\"\/it\/wp-json\/wp\/v2\/pages\/4458\" \/><input type=\"hidden\" name=\"trp-form-language\" value=\"it\"\/><\/form><\/div><div id=\"booking_form_garbage1\" class=\"booking_form_garbage\"><\/div><script type=\"text\/javascript\"> (function() { var a = setInterval( function() {  if ( ( 'undefined' === typeof _wpbc ) || ( 'undefined' === typeof jQuery ) || ! window.jQuery ) { return; } clearInterval( a ); jQuery( document ).ready( function (){ jQuery(\".widget_wpdev_booking .booking_form.form-horizontal\").removeClass(\"form-horizontal\");\n                                    var visible_calendars_count = _wpbc.get_other_param( \"calendars__on_this_page\" ).length;\n                                    if (visible_calendars_count !== null ) {\n                                        for (var i=0;i< visible_calendars_count ;i++){\n                                          if ( _wpbc.get_other_param( \"calendars__on_this_page\" )[i] === 1 ) {\n                                              document.getElementById(\"form_id695008018965\").innerHTML = \"<span style='color:#A00;font-size:10px;'>Warning! Booking calendar for this booking resource are already at the page, please check more about this issue at this page: https:\/\/wpbookingcalendar.com\/faq\/why-the-booking-calendar-widget-not-show-on-page\/<\/span>\";                                                                                                  \n                                              jQuery(\"#form_id695008018965\").animate( {opacity: 1}, 10000 ).fadeOut(5000);\n                                              return;\n                                          }\n                                        }\n                                        _wpbc.get_other_param( \"calendars__on_this_page\" )[ visible_calendars_count ]=1;\n                                    } } ); }, 500 ); })();<\/script> <script type=\"text\/javascript\"> (function() { var a = setInterval( function() {  if ( ( 'undefined' === typeof _wpbc ) || ( 'undefined' === typeof jQuery ) || ! window.jQuery ) { return; } clearInterval( a ); jQuery( document ).ready( function (){ _wpbc.balancer__set_max_threads( 3 );  _wpbc.calendar__set_param_value( 1 , 'calendar_scroll_to' , false );  _wpbc.calendar__set_param_value( 1 , 'booking_max_monthes_in_calendar' , '2y' );  _wpbc.calendar__set_param_value( 1 , 'booking_start_day_weeek' , '1' );  _wpbc.calendar__set_param_value( 1 , 'calendar_number_of_months' , '1' );   _wpbc.calendar__set_param_value( 1, 'days_select_mode', 'multiple' );   _wpbc.calendar__set_param_value( 1, 'fixed__days_num', 0 );   _wpbc.calendar__set_param_value( 1, 'fixed__week_days__start',   [] );   _wpbc.calendar__set_param_value( 1, 'dynamic__days_min', 0 );   _wpbc.calendar__set_param_value( 1, 'dynamic__days_max', 0 );   _wpbc.calendar__set_param_value( 1, 'dynamic__days_specific',    [] );   _wpbc.calendar__set_param_value( 1, 'dynamic__week_days__start', [] );   _wpbc.calendar__set_param_value( 1, 'booking_date_format', 'j F Y' );   _wpbc.calendar__set_param_value( 1, 'booking_time_format', 'H:i' );   if ( 'function' === typeof ( wpbc__conditions__SAVE_INITIAL__days_selection_params__bm ) ){ wpbc__conditions__SAVE_INITIAL__days_selection_params__bm( 1 ); }   wpbc_calendar_show( '1' );   _wpbc.set_secure_param( 'nonce',   'dd2efc9c57' );   _wpbc.set_secure_param( 'user_id', '0' );   _wpbc.set_secure_param( 'locale',  'it_IT' );  wpbc_calendar__load_data__ajx( {\"resource_id\":1,\"booking_hash\":\"\",\"request_uri\":\"\\\/it\\\/wp-json\\\/wp\\\/v2\\\/pages\\\/4458\",\"custom_form\":\"standard\",\"aggregate_resource_id_str\":\"\",\"aggregate_type\":\"all\"} ); } ); }, 500 ); })();<\/script>","protected":false},"excerpt":{"rendered":"","protected":false},"author":1,"featured_media":0,"parent":0,"menu_order":0,"comment_status":"closed","ping_status":"closed","template":"","meta":{"footnotes":""},"class_list":["post-4458","page","type-page","status-publish","hentry"],"yoast_head":"<!-- This site is optimized with the Yoast SEO Premium plugin v19.7 (Yoast SEO v25.3) - https:\/\/yoast.com\/wordpress\/plugins\/seo\/ -->\n<title>Formulaire de r\u00e9servation - Ocean Sport Lodge<\/title>\n<meta name=\"description\" content=\"S\u00e9jours Sportifs Dans un environment unique entre oc\u00e9an lac et vignobles, incluant des \u00e9quipements de qualit\u00e9, nous accueillons des s\u00e9jours pour les Clubs et p\u00f4les sportifs, les Comit\u00e9s, les Ligues, les CE, mais aussi des retraites de Yoga, des stages de coh\u00e9sion d\u2019\u00e9quipe et tous groupes souhaitant d\u00e9couvrir ou perfectionner la pratique du surf.\" \/>\n<meta name=\"robots\" content=\"index, follow, max-snippet:-1, max-image-preview:large, max-video-preview:-1\" \/>\n<link rel=\"canonical\" href=\"https:\/\/oceansportlodge.com\/it\/wpbc-booking\/\" \/>\n<meta property=\"og:locale\" content=\"it_IT\" \/>\n<meta property=\"og:type\" content=\"article\" \/>\n<meta property=\"og:title\" content=\"Formulaire de r\u00e9servation\" \/>\n<meta property=\"og:description\" content=\"S\u00e9jours Sportifs Dans un environment unique entre oc\u00e9an lac et vignobles, incluant des \u00e9quipements de qualit\u00e9, nous accueillons des s\u00e9jours pour les Clubs et p\u00f4les sportifs, les Comit\u00e9s, les Ligues, les CE, mais aussi des retraites de Yoga, des stages de coh\u00e9sion d\u2019\u00e9quipe et tous groupes souhaitant d\u00e9couvrir ou perfectionner la pratique du surf.\" \/>\n<meta property=\"og:url\" content=\"https:\/\/oceansportlodge.com\/it\/wpbc-booking\/\" \/>\n<meta property=\"og:site_name\" content=\"Ocean Sport Lodge\" \/>\n<meta name=\"twitter:card\" content=\"summary_large_image\" \/>\n<script type=\"application\/ld+json\" class=\"yoast-schema-graph\">{\"@context\":\"https:\/\/schema.org\",\"@graph\":[{\"@type\":\"WebPage\",\"@id\":\"https:\/\/oceansportlodge.com\/wpbc-booking\/\",\"url\":\"https:\/\/oceansportlodge.com\/wpbc-booking\/\",\"name\":\"Formulaire de r\u00e9servation - Ocean Sport Lodge\",\"isPartOf\":{\"@id\":\"https:\/\/oceansportlodge.com\/#website\"},\"datePublished\":\"2024-06-17T20:35:23+00:00\",\"description\":\"S\u00e9jours Sportifs Dans un environment unique entre oc\u00e9an lac et vignobles, incluant des \u00e9quipements de qualit\u00e9, nous accueillons des s\u00e9jours pour les Clubs et p\u00f4les sportifs, les Comit\u00e9s, les Ligues, les CE, mais aussi des retraites de Yoga, des stages de coh\u00e9sion d\u2019\u00e9quipe et tous groupes souhaitant d\u00e9couvrir ou perfectionner la pratique du surf.\",\"breadcrumb\":{\"@id\":\"https:\/\/oceansportlodge.com\/wpbc-booking\/#breadcrumb\"},\"inLanguage\":\"it-IT\",\"potentialAction\":[{\"@type\":\"ReadAction\",\"target\":[\"https:\/\/oceansportlodge.com\/wpbc-booking\/\"]}]},{\"@type\":\"BreadcrumbList\",\"@id\":\"https:\/\/oceansportlodge.com\/wpbc-booking\/#breadcrumb\",\"itemListElement\":[{\"@type\":\"ListItem\",\"position\":1,\"name\":\"Home\",\"item\":\"https:\/\/oceansportlodge.com\/\"},{\"@type\":\"ListItem\",\"position\":2,\"name\":\"Formulaire de r\u00e9servation\"}]},{\"@type\":\"WebSite\",\"@id\":\"https:\/\/oceansportlodge.com\/#website\",\"url\":\"https:\/\/oceansportlodge.com\/\",\"name\":\"Ocean Sport Lodge\",\"description\":\"Your Sport Holidays\",\"publisher\":{\"@id\":\"https:\/\/oceansportlodge.com\/#organization\"},\"alternateName\":\"OceanSportLodge\",\"potentialAction\":[{\"@type\":\"SearchAction\",\"target\":{\"@type\":\"EntryPoint\",\"urlTemplate\":\"https:\/\/oceansportlodge.com\/?s={search_term_string}\"},\"query-input\":{\"@type\":\"PropertyValueSpecification\",\"valueRequired\":true,\"valueName\":\"search_term_string\"}}],\"inLanguage\":\"it-IT\"},{\"@type\":\"Organization\",\"@id\":\"https:\/\/oceansportlodge.com\/#organization\",\"name\":\"Ocean Sport Lodge\",\"alternateName\":\"OceanSportLodge\",\"url\":\"https:\/\/oceansportlodge.com\/\",\"logo\":{\"@type\":\"ImageObject\",\"inLanguage\":\"it-IT\",\"@id\":\"https:\/\/oceansportlodge.com\/#\/schema\/logo\/image\/\",\"url\":\"https:\/\/oceansportlodge.com\/wp-content\/uploads\/2022\/11\/logo_VF4_ocean_sport_lodge.png\",\"contentUrl\":\"https:\/\/oceansportlodge.com\/wp-content\/uploads\/2022\/11\/logo_VF4_ocean_sport_lodge.png\",\"width\":2204,\"height\":2204,\"caption\":\"Ocean Sport Lodge\"},\"image\":{\"@id\":\"https:\/\/oceansportlodge.com\/#\/schema\/logo\/image\/\"}}]}<\/script>\n<!-- \/ Yoast SEO Premium plugin. -->","yoast_head_json":{"title":"Formulaire de r\u00e9servation - Ocean Sport Lodge","description":"S\u00e9jours Sportifs Dans un environment unique entre oc\u00e9an lac et vignobles, incluant des \u00e9quipements de qualit\u00e9, nous accueillons des s\u00e9jours pour les Clubs et p\u00f4les sportifs, les Comit\u00e9s, les Ligues, les CE, mais aussi des retraites de Yoga, des stages de coh\u00e9sion d\u2019\u00e9quipe et tous groupes souhaitant d\u00e9couvrir ou perfectionner la pratique du surf.","robots":{"index":"index","follow":"follow","max-snippet":"max-snippet:-1","max-image-preview":"max-image-preview:large","max-video-preview":"max-video-preview:-1"},"canonical":"https:\/\/oceansportlodge.com\/it\/wpbc-booking\/","og_locale":"it_IT","og_type":"article","og_title":"Formulaire de r\u00e9servation","og_description":"S\u00e9jours Sportifs Dans un environment unique entre oc\u00e9an lac et vignobles, incluant des \u00e9quipements de qualit\u00e9, nous accueillons des s\u00e9jours pour les Clubs et p\u00f4les sportifs, les Comit\u00e9s, les Ligues, les CE, mais aussi des retraites de Yoga, des stages de coh\u00e9sion d\u2019\u00e9quipe et tous groupes souhaitant d\u00e9couvrir ou perfectionner la pratique du surf.","og_url":"https:\/\/oceansportlodge.com\/it\/wpbc-booking\/","og_site_name":"Ocean Sport Lodge","twitter_card":"summary_large_image","schema":{"@context":"https:\/\/schema.org","@graph":[{"@type":"WebPage","@id":"https:\/\/oceansportlodge.com\/wpbc-booking\/","url":"https:\/\/oceansportlodge.com\/wpbc-booking\/","name":"Formulaire de r\u00e9servation - Ocean Sport Lodge","isPartOf":{"@id":"https:\/\/oceansportlodge.com\/#website"},"datePublished":"2024-06-17T20:35:23+00:00","description":"S\u00e9jours Sportifs Dans un environment unique entre oc\u00e9an lac et vignobles, incluant des \u00e9quipements de qualit\u00e9, nous accueillons des s\u00e9jours pour les Clubs et p\u00f4les sportifs, les Comit\u00e9s, les Ligues, les CE, mais aussi des retraites de Yoga, des stages de coh\u00e9sion d\u2019\u00e9quipe et tous groupes souhaitant d\u00e9couvrir ou perfectionner la pratique du surf.","breadcrumb":{"@id":"https:\/\/oceansportlodge.com\/wpbc-booking\/#breadcrumb"},"inLanguage":"it-IT","potentialAction":[{"@type":"ReadAction","target":["https:\/\/oceansportlodge.com\/wpbc-booking\/"]}]},{"@type":"BreadcrumbList","@id":"https:\/\/oceansportlodge.com\/wpbc-booking\/#breadcrumb","itemListElement":[{"@type":"ListItem","position":1,"name":"Home","item":"https:\/\/oceansportlodge.com\/"},{"@type":"ListItem","position":2,"name":"Formulaire de r\u00e9servation"}]},{"@type":"WebSite","@id":"https:\/\/oceansportlodge.com\/#website","url":"https:\/\/oceansportlodge.com\/","name":"Ocean Sport Lodge","description":"Your Sport Holidays","publisher":{"@id":"https:\/\/oceansportlodge.com\/#organization"},"alternateName":"OceanSportLodge","potentialAction":[{"@type":"SearchAction","target":{"@type":"EntryPoint","urlTemplate":"https:\/\/oceansportlodge.com\/?s={search_term_string}"},"query-input":{"@type":"PropertyValueSpecification","valueRequired":true,"valueName":"search_term_string"}}],"inLanguage":"it-IT"},{"@type":"Organization","@id":"https:\/\/oceansportlodge.com\/#organization","name":"Ocean Sport Lodge","alternateName":"OceanSportLodge","url":"https:\/\/oceansportlodge.com\/","logo":{"@type":"ImageObject","inLanguage":"it-IT","@id":"https:\/\/oceansportlodge.com\/#\/schema\/logo\/image\/","url":"https:\/\/oceansportlodge.com\/wp-content\/uploads\/2022\/11\/logo_VF4_ocean_sport_lodge.png","contentUrl":"https:\/\/oceansportlodge.com\/wp-content\/uploads\/2022\/11\/logo_VF4_ocean_sport_lodge.png","width":2204,"height":2204,"caption":"Ocean Sport Lodge"},"image":{"@id":"https:\/\/oceansportlodge.com\/#\/schema\/logo\/image\/"}}]}},"jetpack_sharing_enabled":true,"_links":{"self":[{"href":"https:\/\/oceansportlodge.com\/it\/wp-json\/wp\/v2\/pages\/4458","targetHints":{"allow":["GET"]}}],"collection":[{"href":"https:\/\/oceansportlodge.com\/it\/wp-json\/wp\/v2\/pages"}],"about":[{"href":"https:\/\/oceansportlodge.com\/it\/wp-json\/wp\/v2\/types\/page"}],"author":[{"embeddable":true,"href":"https:\/\/oceansportlodge.com\/it\/wp-json\/wp\/v2\/users\/1"}],"replies":[{"embeddable":true,"href":"https:\/\/oceansportlodge.com\/it\/wp-json\/wp\/v2\/comments?post=4458"}],"version-history":[{"count":0,"href":"https:\/\/oceansportlodge.com\/it\/wp-json\/wp\/v2\/pages\/4458\/revisions"}],"wp:attachment":[{"href":"https:\/\/oceansportlodge.com\/it\/wp-json\/wp\/v2\/media?parent=4458"}],"curies":[{"name":"wp","href":"https:\/\/api.w.org\/{rel}","templated":true}]}}